{"id":1056,"date":"2019-04-05T11:51:58","date_gmt":"2019-04-05T09:51:58","guid":{"rendered":"https:\/\/www.oleica.es\/es\/?post_type=product&#038;p=1056"},"modified":"2024-08-30T12:41:30","modified_gmt":"2024-08-30T10:41:30","slug":"calidad-y-seguridad-en-la-aceituna-de-mesa","status":"publish","type":"product","link":"https:\/\/www.oleica.es\/en\/producto\/calidad-y-seguridad-en-la-aceituna-de-mesa\/","title":{"rendered":"Calidad y Seguridad Microbiol\u00f3gica de la Aceituna de Mesa"},"content":{"rendered":"<div class=\"ast-oembed-container \" style=\"height: 100%;\"><iframe title=\"Calidad y Seguridad Microbiol\u00f3gica en la Aceituna de Mesa\" width=\"500\" height=\"281\" src=\"https:\/\/www.youtube.com\/embed\/XcMEsL15aGw?feature=oembed\" frameborder=\"0\" allow=\"accelerometer; autoplay; clipboard-write; encrypted-media; gyroscope; picture-in-picture; web-share\" referrerpolicy=\"strict-origin-when-cross-origin\" allowfullscreen><\/iframe><\/div>\n<h3>Contenido:<\/h3>\n<ul>\n<li>Cap\u00edtulo 1: Definiciones, conceptos y normativas que hay que conocer antes de empezar<\/li>\n<li>Cap\u00edtulo 2: Problemas de calidad microbiol\u00f3gica en Aceitunas de Mesa<\/li>\n<li>Cap\u00edtulo 3: Problemas de seguridad microbiol\u00f3gica en la Aceituna de Mesa<\/li>\n<li>Cap\u00edtulo 4: Estrategias para la mejora de la calidad y seguridad microbiol\u00f3gica de la Aceituna de Mesa<\/li>\n<\/ul>\n<p><strong>Formato:<\/strong><\/p>\n<p>Libro en formato digital con enlaces interactivos.<\/p>\n<p><strong>Autores:<\/strong><\/p>\n<ul>\n<li>Dr. Antonio Garrido Fern\u00e1ndez (IG-CSIC)<\/li>\n<li>Dr. Antonio Valero D\u00edaz (UCO)<\/li>\n<li>Dr. Eduardo Medina Pradas (IG-CSIC)<\/li>\n<li>Dra. Eva M\u00aa Ram\u00edrez Castro (TAFIQs in FOODs)<\/li>\n<li>Dr. Francisco No\u00e9 Arroyo L\u00f3pez (IG-CSIC)<\/li>\n<li>Dr. Francisco Rodr\u00edguez G\u00f3mez (IG-CSIC)<\/li>\n<li>Dra. Ver\u00f3nica Romero Gil\u00a0(TAFIQs in FOODs)<\/li>\n<\/ul>\n<p><b>Dise\u00f1o y desarrollo:<\/b><\/p>\n<ul>\n<li>D. Alfonso Manuel Ramos Ben\u00edtez (Coordinador de Formaci\u00f3n de TAFIQs in FOODs)<\/li>\n<\/ul>\n<p><strong>N\u00famero de p\u00e1ginas:<\/strong><\/p>\n<p>58 p\u00e1ginas en alta calidad.<\/p>\n<p><strong>N\u00famero de horas estimado para su realizaci\u00f3n y obtenci\u00f3n acreditaci\u00f3n:<\/strong><\/p>\n<p>Aproximadamente 30 horas.<\/p>\n","protected":false},"excerpt":{"rendered":"<p><strong>Consultar precios para empresas y cursos presenciales en: <a href=\"mailto:formacion@oleica.es\">formacion@oleica.es<\/a><\/strong><\/p>\n<p class=\"text-justify\">En este curso nos adentraremos en los principales problemas de origen microbiol\u00f3gico relacionados con la calidad y seguridad alimentaria en la aceituna de mesa.<\/p>\n<p class=\"text-justify\">Comenzaremos con todos los aspectos b\u00e1sicos que debes conocer antes de adentrarte en esta tem\u00e1tica (definiciones, conceptos y normativas), para posteriormente, hacer una detallada descripci\u00f3n de los diferentes tipos de alteraciones (alambrado, zapater\u00eda, puntos blancos, ablandamiento, etc.) y problemas de seguridad alimentaria (botulismo, micotoxinas, aminas bi\u00f3genas, presencia de pat\u00f3genos) que ocurren en el sector.<\/p>\n<p class=\"text-justify\">Mostraremos diferentes actuaciones y los \u00faltimos avances que se est\u00e1n llevando a cabo en la industria para dar soluci\u00f3n a los mismos.<\/p>\n<p class=\"text-justify\">Tambi\u00e9n podr\u00e1s disfrutar de una entrevista realizada al Dr. Eduardo Medina Pradas, investigador del Instituto de la Grasa con reconocido prestigio mundial en este tema, y todo ello con un tutor experto en la tem\u00e1tica que ayudar\u00e1 a resolver todas tus dudas.<\/p>\n","protected":false},"featured_media":1260,"template":"","meta":{"_acf_changed":false,"_seopress_robots_primary_cat":"none","_seopress_titles_title":"","_seopress_titles_desc":"","_seopress_robots_index":"","site-sidebar-layout":"default","site-content-layout":"","ast-site-content-layout":"default","site-content-style":"default","site-sidebar-style":"default","ast-global-header-display":"","ast-banner-title-visibility":"","ast-main-header-display":"","ast-hfb-above-header-display":"","ast-hfb-below-header-display":"","ast-hfb-mobile-header-display":"","site-post-title":"","ast-breadcrumbs-content":"","ast-featured-img":"","footer-sml-layout":"","theme-transparent-header-meta":"default","adv-header-id-meta":"","stick-header-meta":"","header-above-stick-meta":"","header-main-stick-meta":"","header-below-stick-meta":"","astra-migrate-meta-layouts":"set","ast-page-background-enabled":"default","ast-page-background-meta":{"desktop":{"background-color":"var(--ast-global-color-4)","background-image":"","background-repeat":"repeat","background-position":"center center","background-size":"auto","background-attachment":"scroll","background-type":"","background-media":"","overlay-type":"","overlay-color":"","overlay-opacity":"","overlay-gradient":""},"tablet":{"background-color":"","background-image":"","background-repeat":"repeat","background-position":"center center","background-size":"auto","background-attachment":"scroll","background-type":"","background-media":"","overlay-type":"","overlay-color":"","overlay-opacity":"","overlay-gradient":""},"mobile":{"background-color":"","background-image":"","background-repeat":"repeat","background-position":"center center","background-size":"auto","background-attachment":"scroll","background-type":"","background-media":"","overlay-type":"","overlay-color":"","overlay-opacity":"","overlay-gradient":""}},"ast-content-background-meta":{"desktop":{"background-color":"var(--ast-global-color-5)","background-image":"","background-repeat":"repeat","background-position":"center center","background-size":"auto","background-attachment":"scroll","background-type":"","background-media":"","overlay-type":"","overlay-color":"","overlay-opacity":"","overlay-gradient":""},"tablet":{"background-color":"var(--ast-global-color-5)","background-image":"","background-repeat":"repeat","background-position":"center center","background-size":"auto","background-attachment":"scroll","background-type":"","background-media":"","overlay-type":"","overlay-color":"","overlay-opacity":"","overlay-gradient":""},"mobile":{"background-color":"var(--ast-global-color-5)","background-image":"","background-repeat":"repeat","background-position":"center center","background-size":"auto","background-attachment":"scroll","background-type":"","background-media":"","overlay-type":"","overlay-color":"","overlay-opacity":"","overlay-gradient":""}}},"product_brand":[],"product_cat":[23],"product_tag":[],"class_list":{"0":"post-1056","1":"product","2":"type-product","3":"status-publish","4":"has-post-thumbnail","6":"product_cat-sin-categorizar","7":"desktop-align-left","8":"tablet-align-left","9":"mobile-align-left","11":"first","12":"instock","13":"downloadable","14":"virtual","15":"sold-individually","16":"purchasable","17":"product-type-course"},"acf":[],"_links":{"self":[{"href":"https:\/\/www.oleica.es\/en\/wp-json\/wp\/v2\/product\/1056","targetHints":{"allow":["GET"]}}],"collection":[{"href":"https:\/\/www.oleica.es\/en\/wp-json\/wp\/v2\/product"}],"about":[{"href":"https:\/\/www.oleica.es\/en\/wp-json\/wp\/v2\/types\/product"}],"version-history":[{"count":3,"href":"https:\/\/www.oleica.es\/en\/wp-json\/wp\/v2\/product\/1056\/revisions"}],"predecessor-version":[{"id":4661,"href":"https:\/\/www.oleica.es\/en\/wp-json\/wp\/v2\/product\/1056\/revisions\/4661"}],"wp:featuredmedia":[{"embeddable":true,"href":"https:\/\/www.oleica.es\/en\/wp-json\/wp\/v2\/media\/1260"}],"wp:attachment":[{"href":"https:\/\/www.oleica.es\/en\/wp-json\/wp\/v2\/media?parent=1056"}],"wp:term":[{"taxonomy":"product_brand","embeddable":true,"href":"https:\/\/www.oleica.es\/en\/wp-json\/wp\/v2\/product_brand?post=1056"},{"taxonomy":"product_cat","embeddable":true,"href":"https:\/\/www.oleica.es\/en\/wp-json\/wp\/v2\/product_cat?post=1056"},{"taxonomy":"product_tag","embeddable":true,"href":"https:\/\/www.oleica.es\/en\/wp-json\/wp\/v2\/product_tag?post=1056"}],"curies":[{"name":"wp","href":"https:\/\/api.w.org\/{rel}","templated":true}]}}