{"id":980,"date":"2019-03-22T11:39:43","date_gmt":"2019-03-22T10:39:43","guid":{"rendered":"https:\/\/www.oleica.es\/es\/?post_type=product&#038;p=980"},"modified":"2024-08-30T12:40:52","modified_gmt":"2024-08-30T10:40:52","slug":"el-mundo-de-la-aceituna-de-mesa","status":"publish","type":"product","link":"https:\/\/www.oleica.es\/en\/producto\/el-mundo-de-la-aceituna-de-mesa\/","title":{"rendered":"El Mundo de la Aceituna de Mesa"},"content":{"rendered":"<div class=\"ast-oembed-container \" style=\"height: 100%;\"><iframe title=\"El Mundo de la Aceituna de Mesa\" width=\"500\" height=\"281\" src=\"https:\/\/www.youtube.com\/embed\/vqAHs1awXE0?feature=oembed\" frameborder=\"0\" allow=\"accelerometer; autoplay; clipboard-write; encrypted-media; gyroscope; picture-in-picture; web-share\" referrerpolicy=\"strict-origin-when-cross-origin\" allowfullscreen><\/iframe><\/div>\n<h3>Contenido:<\/h3>\n<ul>\n<li>Cap\u00edtulo 1: El Olivo, un \u00e1rbol milenario<\/li>\n<li>Cap\u00edtulo 2: El fruto del Olivo<\/li>\n<li>Cap\u00edtulo 3: \u00bfQu\u00e9 se entiende por aceituna de mesa?<\/li>\n<li>Cap\u00edtulo 4: El mercado de la aceituna de mesa<\/li>\n<li>Cap\u00edtulo 5: Denominaciones protegidas para la Aceituna de Mesa<\/li>\n<li>Cap\u00edtulo 6: La aceituna de mesa en el contexto de otros vegetales fermentados<\/li>\n<li>Cap\u00edtulo 7: La aceituna de mesa, un sector en continua evoluci\u00f3n<\/li>\n<li>Cap\u00edtulo 8: Principales retos a los que se enfrenta el sector<\/li>\n<li>Cap\u00edtulo 9: La aceituna de mesa, un alimento muy saludable<\/li>\n<\/ul>\n<p><strong>Anexo:<\/strong><\/p>\n<ul>\n<li>Cap\u00edtulo 1: Variedades mediterr\u00e1neas<\/li>\n<li>Cap\u00edtulo 2: Variedades externas a la cuenca mediterr\u00e1nea<\/li>\n<li>Cap\u00edtulo 3: Variedades espa\u00f1olas<\/li>\n<li>Cap\u00edtulo 4: Variedades con mayor uso de en la Aceituna de Mesa<\/li>\n<\/ul>\n<h3>Descripci\u00f3n del curso:<\/h3>\n<p><strong>Formato:<\/strong><\/p>\n<ul>\n<li>Libro en formato digital con enlaces interactivos.<\/li>\n<\/ul>\n<p><strong>Autores:<\/strong><\/p>\n<ul>\n<li>Dr. Antonio Garrido Fern\u00e1ndez (IG-CSIC)<\/li>\n<li>Dr. Antonio Valero D\u00edaz (UCO)<\/li>\n<li>Dr. Eduardo Medina Pradas (IG-CSIC)<\/li>\n<li>Dra. Eva M\u00aa Ram\u00edrez Castro (TAFIQs in FOODs)<\/li>\n<li>Dr. Francisco No\u00e9 Arroyo L\u00f3pez (IG-CSIC)<\/li>\n<li>Dr. Francisco Rodr\u00edguez G\u00f3mez (IG-CSIC)<\/li>\n<li>Dra. Ver\u00f3nica Romero Gil\u00a0(TAFIQs in FOODs)<\/li>\n<\/ul>\n<p><b>Dise\u00f1o y desarrollo:<\/b><\/p>\n<ul>\n<li>D. Alfonso Manuel Ramos Ben\u00edtez (Coordinador de Formaci\u00f3n de TAFIQs in FOODs)<\/li>\n<\/ul>\n<p><strong>N\u00famero de p\u00e1ginas:<\/strong><\/p>\n<ul>\n<li>144 p\u00e1ginas en alta calidad.<\/li>\n<\/ul>\n<p><strong>N\u00famero de horas estimado para su realizaci\u00f3n y obtenci\u00f3n acreditaci\u00f3n:<\/strong><\/p>\n<ul>\n<li>Aproximadamente 25 horas<\/li>\n<\/ul>\n","protected":false},"excerpt":{"rendered":"<p><strong>Consultar precios para empresas y cursos presenciales en: <a href=\"mailto:formacion@oleica.es\">formacion@oleica.es<\/a><\/strong><\/p>\n<p class=\"text-justify\">Con este curso nos adentramos en el sector de la Aceituna de Mesa, en el origen del olivo y su distribuci\u00f3n, realizando un an\u00e1lisis mundial y por pa\u00edses de la producci\u00f3n, consumo y exportaci\u00f3n, seg\u00fan cifras contrastadas y actualizadas. Compararemos el mercado de la aceituna de mesa con otros vegetales fermentados.<\/p>\n<p class=\"text-justify\">Conocer\u00e1s los principales tipos de elaboraciones y presentaciones de aceitunas, las normas que los regulan, as\u00ed como todas las aceitunas a nivel mundial que han obtenido el sello de D.O.P. e I.G.P. Te informaremos sobre los principales retos a los que se enfrenta el sector, posibles soluciones, adem\u00e1s de poner en valor el valor nutricional de este vegetal fermentado.<\/p>\n<p class=\"text-justify\">Podr\u00e1s disfrutar de una entrevista realizada al Prof. Dr. Antonio Garrido Fern\u00e1ndez, investigador de reconocido prestigio mundial con m\u00e1s de 40 a\u00f1os de experiencia en la aceituna de mesa, quien nos dar\u00e1 su opini\u00f3n sobre c\u00f3mo ha evolucionado el sector desde que inici\u00f3 su carrera investigadora.<\/p>\n<p class=\"text-justify\">Finalmente podr\u00e1 disfrutar de un ANEXO con 1813 variedades del Olivo, y todo ello con un tutor experto en el tema que ayudar\u00e1 a resolver todas tus dudas.<\/p>\n","protected":false},"featured_media":1065,"template":"","meta":{"_acf_changed":false,"_seopress_robots_primary_cat":"none","_seopress_titles_title":"","_seopress_titles_desc":"","_seopress_robots_index":"","site-sidebar-layout":"default","site-content-layout":"","ast-site-content-layout":"default","site-content-style":"default","site-sidebar-style":"default","ast-global-header-display":"","ast-banner-title-visibility":"","ast-main-header-display":"","ast-hfb-above-header-display":"","ast-hfb-below-header-display":"","ast-hfb-mobile-header-display":"","site-post-title":"","ast-breadcrumbs-content":"","ast-featured-img":"","footer-sml-layout":"","theme-transparent-header-meta":"default","adv-header-id-meta":"","stick-header-meta":"","header-above-stick-meta":"","header-main-stick-meta":"","header-below-stick-meta":"","astra-migrate-meta-layouts":"set","ast-page-background-enabled":"default","ast-page-background-meta":{"desktop":{"background-color":"var(--ast-global-color-4)","background-image":"","background-repeat":"repeat","background-position":"center center","background-size":"auto","background-attachment":"scroll","background-type":"","background-media":"","overlay-type":"","overlay-color":"","overlay-opacity":"","overlay-gradient":""},"tablet":{"background-color":"","background-image":"","background-repeat":"repeat","background-position":"center center","background-size":"auto","background-attachment":"scroll","background-type":"","background-media":"","overlay-type":"","overlay-color":"","overlay-opacity":"","overlay-gradient":""},"mobile":{"background-color":"","background-image":"","background-repeat":"repeat","background-position":"center center","background-size":"auto","background-attachment":"scroll","background-type":"","background-media":"","overlay-type":"","overlay-color":"","overlay-opacity":"","overlay-gradient":""}},"ast-content-background-meta":{"desktop":{"background-color":"var(--ast-global-color-5)","background-image":"","background-repeat":"repeat","background-position":"center center","background-size":"auto","background-attachment":"scroll","background-type":"","background-media":"","overlay-type":"","overlay-color":"","overlay-opacity":"","overlay-gradient":""},"tablet":{"background-color":"var(--ast-global-color-5)","background-image":"","background-repeat":"repeat","background-position":"center center","background-size":"auto","background-attachment":"scroll","background-type":"","background-media":"","overlay-type":"","overlay-color":"","overlay-opacity":"","overlay-gradient":""},"mobile":{"background-color":"var(--ast-global-color-5)","background-image":"","background-repeat":"repeat","background-position":"center center","background-size":"auto","background-attachment":"scroll","background-type":"","background-media":"","overlay-type":"","overlay-color":"","overlay-opacity":"","overlay-gradient":""}}},"product_brand":[],"product_cat":[23],"product_tag":[],"class_list":{"0":"post-980","1":"product","2":"type-product","3":"status-publish","4":"has-post-thumbnail","6":"product_cat-sin-categorizar","7":"desktop-align-left","8":"tablet-align-left","9":"mobile-align-left","11":"first","12":"instock","13":"downloadable","14":"virtual","15":"sold-individually","16":"purchasable","17":"product-type-course"},"acf":[],"_links":{"self":[{"href":"https:\/\/www.oleica.es\/en\/wp-json\/wp\/v2\/product\/980","targetHints":{"allow":["GET"]}}],"collection":[{"href":"https:\/\/www.oleica.es\/en\/wp-json\/wp\/v2\/product"}],"about":[{"href":"https:\/\/www.oleica.es\/en\/wp-json\/wp\/v2\/types\/product"}],"version-history":[{"count":3,"href":"https:\/\/www.oleica.es\/en\/wp-json\/wp\/v2\/product\/980\/revisions"}],"predecessor-version":[{"id":4283,"href":"https:\/\/www.oleica.es\/en\/wp-json\/wp\/v2\/product\/980\/revisions\/4283"}],"wp:featuredmedia":[{"embeddable":true,"href":"https:\/\/www.oleica.es\/en\/wp-json\/wp\/v2\/media\/1065"}],"wp:attachment":[{"href":"https:\/\/www.oleica.es\/en\/wp-json\/wp\/v2\/media?parent=980"}],"wp:term":[{"taxonomy":"product_brand","embeddable":true,"href":"https:\/\/www.oleica.es\/en\/wp-json\/wp\/v2\/product_brand?post=980"},{"taxonomy":"product_cat","embeddable":true,"href":"https:\/\/www.oleica.es\/en\/wp-json\/wp\/v2\/product_cat?post=980"},{"taxonomy":"product_tag","embeddable":true,"href":"https:\/\/www.oleica.es\/en\/wp-json\/wp\/v2\/product_tag?post=980"}],"curies":[{"name":"wp","href":"https:\/\/api.w.org\/{rel}","templated":true}]}}